{"id":101,"date":"2017-07-27T20:08:12","date_gmt":"2017-07-27T19:08:12","guid":{"rendered":"https:\/\/www.mal-gut.de\/?page_id=101"},"modified":"2024-05-04T17:55:43","modified_gmt":"2024-05-04T16:55:43","slug":"menue-2","status":"publish","type":"page","link":"https:\/\/www.mal-gut.de\/?page_id=101","title":{"rendered":"Vita"},"content":{"rendered":"<p>Ich male und zeichne seit ich Stifte und Pinsel halten kann. Ich erinnere mich noch an den Geruch meiner ersten geschenkten \u00d6lfarben. Diese Technik hat mich sofort gefesselt.<\/p>\n<p>Meine malerischen F\u00e4higkeiten habe ich autodidaktisch erworben.<\/p>\n<p>Im Laufe der Jahre haben so einige Bilder den Weg aus meinen Privatbest\u00e4nden zu Liebhabern gefunden.<\/p>\n<p>Bei Interesse bitte einfach eine E-Mail schreiben an: sylvana.thierbach@mal-gut.de<\/p>\n<ul style=\"padding-left: 2em;\">\n<li>F\u00f6rdermitglied im KULTURWERK des Verbandes Bildender\u00a0K\u00fcnstler\u00a0Th\u00fcringen\u00a0e.V.<\/li>\n<li>2019\/2020 &#8222;Freihandzeichnen &#8220; bei Prof. Klaus Nerlich an der Weimarer Mal-und Zeichenschule<\/li>\n<\/ul>\n","protected":false},"excerpt":{"rendered":"<p>Ich male und zeichne seit ich Stifte und Pinsel halten kann. Ich erinnere mich noch an den Geruch meiner ersten geschenkten \u00d6lfarben. Diese Technik hat mich sofort gefesselt. Meine malerischen F\u00e4higkeiten habe ich autodidaktisch erworben. Im Laufe der Jahre haben so einige Bilder den Weg aus meinen Privatbest\u00e4nden zu Liebhabern gefunden. Bei Interesse bitte einfach &hellip; <a href=\"https:\/\/www.mal-gut.de\/?page_id=101\" class=\"more-link\"><span class=\"screen-reader-text\">\u201eVita\u201c <\/span>weiterlesen<\/a><\/p>\n","protected":false},"author":1,"featured_media":0,"parent":0,"menu_order":0,"comment_status":"closed","ping_status":"closed","template":"","meta":{"footnotes":""},"_links":{"self":[{"href":"https:\/\/www.mal-gut.de\/index.php?rest_route=\/wp\/v2\/pages\/101"}],"collection":[{"href":"https:\/\/www.mal-gut.de\/index.php?rest_route=\/wp\/v2\/pages"}],"about":[{"href":"https:\/\/www.mal-gut.de\/index.php?rest_route=\/wp\/v2\/types\/page"}],"author":[{"embeddable":true,"href":"https:\/\/www.mal-gut.de\/index.php?rest_route=\/wp\/v2\/users\/1"}],"replies":[{"embeddable":true,"href":"https:\/\/www.mal-gut.de\/index.php?rest_route=%2Fwp%2Fv2%2Fcomments&post=101"}],"version-history":[{"count":9,"href":"https:\/\/www.mal-gut.de\/index.php?rest_route=\/wp\/v2\/pages\/101\/revisions"}],"predecessor-version":[{"id":807,"href":"https:\/\/www.mal-gut.de\/index.php?rest_route=\/wp\/v2\/pages\/101\/revisions\/807"}],"wp:attachment":[{"href":"https:\/\/www.mal-gut.de\/index.php?rest_route=%2Fwp%2Fv2%2Fmedia&parent=101"}],"curies":[{"name":"wp","href":"https:\/\/api.w.org\/{rel}","templated":true}]}}